{"id":5774,"date":"2023-03-15T16:17:10","date_gmt":"2023-03-15T15:17:10","guid":{"rendered":"http:\/\/wordpress-flyinghealth.p527216.webspaceconfig.de\/?page_id=5774"},"modified":"2025-12-16T07:25:14","modified_gmt":"2025-12-16T06:25:14","slug":"datenschutz","status":"publish","type":"page","link":"https:\/\/www.flyinghealth.com\/de\/datenschutz\/","title":{"rendered":"Datenschutz"},"content":{"rendered":"\t\t<div data-elementor-type=\"wp-page\" data-elementor-id=\"5774\" class=\"elementor elementor-5774 elementor-4189\" data-elementor-post-type=\"page\">\n\t\t\t\t\t\t<section class=\"elementor-section elementor-top-section elementor-element elementor-element-33817c7 elementor-section-boxed elementor-section-height-default elementor-section-height-default\" data-id=\"33817c7\" data-element_type=\"section\" data-e-type=\"section\">\n\t\t\t\t\t\t<div class=\"elementor-container elementor-column-gap-default\">\n\t\t\t\t\t<div class=\"elementor-column elementor-col-100 elementor-top-column elementor-element elementor-element-6cbbdf8\" data-id=\"6cbbdf8\" data-element_type=\"column\" data-e-type=\"column\">\n\t\t\t<div class=\"elementor-widget-wrap elementor-element-populated\">\n\t\t\t\t\t\t<div class=\"elementor-element elementor-element-651ee69 elementor-widget elementor-widget-heading\" data-id=\"651ee69\" data-element_type=\"widget\" data-e-type=\"widget\" data-widget_type=\"heading.default\">\n\t\t\t\t<div class=\"elementor-widget-container\">\n\t\t\t\t\t<h1 class=\"elementor-heading-title elementor-size-xxl\">Datenschutz<\/h1>\t\t\t\t<\/div>\n\t\t\t\t<\/div>\n\t\t\t\t<div class=\"elementor-element elementor-element-9088578 elementor-widget elementor-widget-text-editor\" data-id=\"9088578\" data-element_type=\"widget\" data-e-type=\"widget\" data-widget_type=\"text-editor.default\">\n\t\t\t\t<div class=\"elementor-widget-container\">\n\t\t\t\t\t\t\t\t\t<p>Wir nehmen den Schutz Ihrer pers\u00f6nlichen Daten sehr ernst. Darum verarbeiten wir diese ausschlie\u00dflich im Sinne der Datenschutz-Grundverordnung (kurz DSGVO) und anderen nationalen Datenschutzgesetzen. Dies ist zur Bereitstellung einer funktionsf\u00e4higen Website erforderlich. Au\u00dferdem k\u00f6nnen wir Ihnen so unsere Inhalte und Leistungen erm\u00f6glichen.<\/p><p>Eine Verarbeitung von personenbezogenen Daten findet grunds\u00e4tzlich nur statt, soweit Sie dazu Ihre Einwilligung gegeben haben. Eine Ausnahme dazu findet nur statt, wenn aus tats\u00e4chlichen Gr\u00fcnden keine Einwilligung eingeholt werden kann und gesetzliche Vorschriften eine Datenverarbeitung gestatten.<\/p><p>Die Datenverarbeitung erfolgt nur, soweit sie rechtm\u00e4\u00dfig ist. Rechtm\u00e4\u00dfigkeit liegt vor, wenn mindestens eine in Art. 6 Abs. 1 DSGVO genannte Bedingung erf\u00fcllt ist. Wir l\u00f6schen Ihre Daten, sobald der Zweck der Speicherung entf\u00e4llt oder eine durch gesetzliche Vorschriften vorgeschriebene Frist (in der Regel 7 Tage) abgelaufen ist. Sie haben jederzeit die M\u00f6glichkeit einer Datenverarbeitung mit Wirkung f\u00fcr die Zukunft zu widersprechen. Dazu senden Sie uns bitte eine schriftliche Erkl\u00e4rung des Widerrufs \u00fcber den Postweg oder als Email zu.<\/p><h4><strong>Verantwortlicher<\/strong><\/h4><p>Verantwortlich f\u00fcr die Datenverarbeitung nach Art. 4 DSGVO ist<\/p><p>Flying Health GmbH<br \/>Regina-Jonas-Stra\u00dfe 41\/43<br \/>10999 Berlin<\/p><p>Telefon: +49 30 22 05 60 20<\/p><p>Email: info@flyinghealth.com<\/p><p>Gesch\u00e4ftsf\u00fchrer: Dr. Philipp M. Freitag, Falk H. Miekley, Darius Niroumand<\/p><h4><strong>Server-Log-Files<\/strong><\/h4><p>Der Provider der Seiten erhebt und speichert automatisch Informationen in so genannten Server-Log Files, die Ihr Browser automatisch an uns \u00fcbermittelt. Dies sind:<\/p><p><strong>Browsertyp\/ Browserversion<\/strong><\/p><p><strong>verwendetes Betriebssystem<\/strong><\/p><p><strong>Referrer URL<\/strong><\/p><p><strong>Hostname des zugreifenden Rechners<\/strong><\/p><p><strong>Uhrzeit der Serveranfrage<\/strong><\/p><p>Diese Daten sind nicht bestimmten Personen zuordenbar. Eine Zusammenf\u00fchrung dieser Daten mit anderen Datenquellen wird nicht vorgenommen. Wir behalten uns vor, diese Daten nachtr\u00e4glich zu pr\u00fcfen, wenn uns konkrete Anhaltspunkte f\u00fcr eine rechtswidrige Nutzung bekannt werden. Die Erfassung der Daten zur Bereitstellung der Website ist f\u00fcr den Betrieb der Internetseite zwingend erforderlich. Es besteht folglich seitens des Nutzers keine Widerspruchsm\u00f6glichkeit.<\/p><h4><strong>Kontaktformular<\/strong><\/h4><p>Auf unserer Internetseite ist ein Kontaktformular vorhanden, welches f\u00fcr die elektronische Kontaktaufnahme genutzt werden kann. Nehmen Nutzer diese M\u00f6glichkeit wahr, so werden die in der Eingabemaske eingegeben Daten an uns \u00fcbermittelt und gespeichert. Zur Kontaktaufnahme sind lediglich Name und E-Mail-Adresse erforderlich. Die Verarbeitung dieser Daten aus der Eingabemaske dient uns allein zur Bearbeitung der Kontaktaufnahme und geschieht auf freiwilliger Basis. Sobald die Daten zur Erreichung des Zwecks durch die Erhebung nicht mehr erforderlich sind, werden die Daten von uns gel\u00f6scht. Beendet ist die Konversation dann, wenn sich aus den Umst\u00e4nden entnehmen l\u00e4sst, dass der betroffene Sachverhalt abschlie\u00dfend gekl\u00e4rt ist.<\/p><p>Nutzer haben jederzeit die M\u00f6glichkeit, ihre Einwilligung zur Verarbeitung zu rufen. Hierzu kann eine E-Mail an (info@flyinghealth.com) geschickt werden. Alle personenbezogenen Daten, welche wir im Rahmen der Kontaktaufnahme gespeichert hat, werden daraufhin gel\u00f6scht. Bitte beachten Sie, dass wir dann nicht mehr in der Lage sind, die Konversation weiterzuf\u00fchren.<\/p><p>Wir weisen darauf hin, dass die Daten\u00fcbertragung im Internet (z.B. bei der Kommunikation per E-Mail) Sicherheitsl\u00fccken aufweisen kann. Ein l\u00fcckenloser Schutz der Daten vor dem Zugriff durch Dritte ist nicht m\u00f6glich.<\/p><h4><strong>Cookies<\/strong><\/h4><p>Wir verwenden auf unserer Website so genannte \u201eCookies\u201c. Dabei handelt es sich um Textdateien, die auf ihrem Endger\u00e4t abgelegt werden. Einige der von uns verwendeten Cookies, sogenannte Sitzungs-Cookies, werden direkt wieder gel\u00f6scht, wenn Sie Ihren Browser schlie\u00dfen, also die Sitzung beenden. Andere Cookies werden weiterhin auf Ihrem Endger\u00e4t gespeichert und erm\u00f6glichen uns und unseren Drittanbietern (siehe 5.2.) Ihren Browser beim n\u00e4chsten Besuch unserer Website wieder zu erkennen (persistente Cookies). Gesetzte Cookies werden im individuellen Umfang verarbeitet und erheben Daten wie Browser- und Standortdaten sowie IP-Adresswerte. Persistente Cookies werden automatisch nach einer vorgeschriebenen Dauer gel\u00f6scht.<\/p><p>Cookies dienen dazu, Ihren Besuch auf unserer Website attraktiv zu gestalten, und um die Nutzung bestimmter Funktionen zu erm\u00f6glichen. Sofern die von uns gesetzten Cookies personenbezogene Daten verarbeiten, erfolgt die Verarbeitung gem\u00e4\u00df Art. 6 Abs. 1 lit. b DSGVO entweder zu Vertragszwecken oder gem\u00e4\u00df Art. 6 Abs. 1 lit. f DSGVO zur Wahrung unserer berechtigten Interessen einer benutzerfreundlichen Website rechtm\u00e4\u00dfig.<\/p><h4><strong>Betroffenenrechte<\/strong><\/h4><p>Das geltende Datenschutzrecht gew\u00e4hrt Nutzern als betroffene Person gegen\u00fcber dem Verantwortlichen hinsichtlich der Verarbeitung Ihrer personenbezogenen Daten umfassende Betroffenenrechte (Auskunfts- und Interventionsrechte):<\/p><p><strong>Recht auf Best\u00e4tigung, Art. 15 Abs. 1 Satz 1 DSGVO<\/strong><\/p><p>Die betroffene Person hat das Recht, von dem Verantwortlichen eine Best\u00e4tigung dar\u00fcber zu verlangen, ob sie betreffende personenbezogene Daten verarbeitet werden.<\/p><p><strong>Recht auf Auskunft, Art. 15 Abs. 1 Satz 2 DSGVO<\/strong><\/p><p>Werden personenbezogene Daten der betroffenen Person verarbeitet, so hat die das Recht auf Auskunft \u00fcber diese personenbezogenen Daten und auf folgende Informationen:<\/p><p>die Verarbeitungszwecke;<\/p><p>die Kategorien personenbezogener Daten, die verarbeitet werden;<\/p><p>die Empf\u00e4nger oder Kategorien von Empf\u00e4ngern, gegen\u00fcber denen die personenbezogenen Daten offengelegt worden sind oder noch offengelegt werden, insbesondere bei Empf\u00e4ngern in Drittl\u00e4ndern oder bei internationalen Organisationen;<\/p><p>falls m\u00f6glich die geplante Dauer, die f\u00fcr die die personenbezogenen Daten gespeichert werden, oder, falls dies nicht m\u00f6glich ist, die Kriterien f\u00fcr die Festlegung dieser Dauer;<\/p><p>das Bestehen eines Rechts auf Berichtigung oder L\u00f6schung der sie betreffenden personenbezogenen Daten oder auf Einschr\u00e4nkung der Verarbeitung durch den Verantwortlichen oder eines Widerspruchsrechts gegen diese Verarbeitung;<\/p><p>das Bestehen eines Beschwerderechts bei einer Aufsichtsbeh\u00f6rde;<\/p><p>wenn die personenbezogenen Daten nicht bei der betroffenen Person erhoben werden, alle verf\u00fcgbaren Informationen \u00fcber die Herkunft der Daten;<\/p><p>das Bestehen einer automatisierten Entscheidungsfindung einschlie\u00dflich Profiling gem\u00e4\u00df Artikel 22 Abs\u00e4tze 1 und 4 und \u2013 zumindest in diesen F\u00e4llen \u2013 aussagekr\u00e4ftige Informationen \u00fcber die involvierte Logik sowie die Tragweite und die angestrebten Auswirkungen einer derartigen Verarbeitung f\u00fcr die betroffene Person.<\/p><p><strong>Recht auf Berichtigung und Vervollst\u00e4ndigung, Art. 16 DSGVO:<\/strong><\/p><p>Die betroffene Person hat das Recht, von dem Verantwortlichen unverz\u00fcglich die Berichtigung sie betreffender unrichtiger personenbezogener Daten zu verlangen. Unter Ber\u00fccksichtigung der Zwecke der Verarbeitung hat die betroffene Person das Recht, die Vervollst\u00e4ndigung unvollst\u00e4ndiger personenbezogener Daten \u2013 auch mittels einer erg\u00e4nzenden Erkl\u00e4rung \u2013 zu verlangen.<\/p><p><strong>Recht auf L\u00f6schung (Recht auf Vergessen werden), Art. 17 DSGVO<\/strong><\/p><p>Die betroffene Person hat das Recht, von dem Verantwortlichen zu verlangen, dass sie betreffende personenbezogene Daten unverz\u00fcglich gel\u00f6scht werden, und der Verantwortliche ist verpflichtet, personenbezogene Daten unverz\u00fcglich zu l\u00f6schen, sofern einer der folgenden Gr\u00fcnde zutrifft:<\/p><p>Die personenbezogenen Daten sind f\u00fcr die Zwecke, f\u00fcr die sie erhoben oder auf sonstige Weise verarbeitet wurden, nicht mehr notwendig.<\/p><p>Die betroffene Person widerruft ihre Einwilligung, auf die sich die Verarbeitung gem\u00e4\u00df Artikel 6 Absatz 1 Buchstabe a oder Artikel 9 Absatz 2 Buchstabe a st\u00fctzte, und es fehlt an einer anderweitigen Rechtsgrundlage f\u00fcr die Verarbeitung.<\/p><p>Die betroffene Person legt gem\u00e4\u00df Artikel 21 Absatz 1 Widerspruch gegen die Verarbeitung ein und es liegen keine vorrangigenberechtigten Gr\u00fcnde f\u00fcr die Verarbeitung vor, oder die betroffene Person legt gem\u00e4\u00df Artikel 21 Absatz 2 Widerspruch gegen die Verarbeitung ein.<\/p><p>Die personenbezogenen Daten wurden unrechtm\u00e4\u00dfig verarbeitet.<\/p><p>Die L\u00f6schung der personenbezogenen Daten ist zur Erf\u00fcllung einer rechtlichen Verpflichtung nach dem Unionsrecht oder dem Recht der Mitgliedstaaten erforderlich, dem der Verantwortliche unterliegt. Die personenbezogenen Daten wurden in Bezug auf angebotene Dienste der Informationsgesellschaft gem\u00e4\u00df Artikel 8 Absatz 1 erhoben.<\/p><p>Das eben Genannte gilt allerdings nicht, soweit die Verarbeitung zu rechtlichen Zwecken geschieht.<\/p><p><strong>Recht auf Einschr\u00e4nkung der Verarbeitung, Art. 18 DSGVO:<\/strong><\/p><p>Die betroffene Person hat das Recht, von dem Verantwortlichen die Einschr\u00e4nkung der Verarbeitung zu verlangen, wenn eine der folgenden Voraussetzungen gegeben ist:<\/p><p>die Richtigkeit der personenbezogenen Daten von der betroffenen Person bestritten wird, und zwar f\u00fcr eine Dauer, die es dem Verantwortlichen erm\u00f6glicht, die Richtigkeit der personenbezogenen Daten zu \u00fcberpr\u00fcfen,<\/p><p>die Verarbeitung unrechtm\u00e4\u00dfig ist und die betroffene Person die L\u00f6schung der personenbezogenen Daten ablehnt und stattdessen die Einschr\u00e4nkung der Nutzung der personenbezogenen Daten verlangt;<\/p><p>der Verantwortliche die personenbezogenen Daten f\u00fcr die Zwecke der Verarbeitung nicht l\u00e4nger ben\u00f6tigt, die betroffene Person sie jedoch zur Geltendmachung, Aus\u00fcbung oder Verteidigung von Rechtsanspr\u00fcchen ben\u00f6tigt, oder<\/p><p>die betroffene Person Widerspruch gegen die Verarbeitung gem\u00e4\u00df Artikel 21 Absatz 1 eingelegt hat, solange noch nicht feststeht, ob die berechtigten Gr\u00fcnde des Verantwortlichen gegen\u00fcber denen der betroffenen Person \u00fcberwiegen.<\/p><p>Wurde die Verarbeitung demnach eingeschr\u00e4nkt, so d\u00fcrfen diese personenbezogenen Daten \u2013 von ihrer Speicherung abgesehen \u2013 nur mit Einwilligung der betroffenen Person oder zur Geltendmachung, Aus\u00fcbung oder Verteidigung von Rechtsanspr\u00fcchen oder zum Schutz der Rechte einer anderen nat\u00fcrlichen oder juristischen Person oder aus Gr\u00fcnden eines wichtigen \u00f6ffentlichen Interesses der Union oder eines Mitgliedstaats verarbeitet werden.<\/p><p>Eine betroffene Person, die eine Einschr\u00e4nkung der Verarbeitung erwirkt hat, wird von dem Verantwortlichen unterrichtet, bevor die Einschr\u00e4nkung aufgehoben wird.<\/p><p><strong>Recht auf Daten\u00fcbertragbarkeit, Art. 20 DSGVO<\/strong><\/p><p>Die betroffene Person hat das Recht, die sie betreffenden personenbezogenen Daten, die sie einem Verantwortlichen bereitgestellt hat, in einem strukturierten, g\u00e4ngigen und maschinenlesbaren Format zu erhalten, und sie hat das Recht, diese Daten einem anderen Verantwortlichen ohne Behinderung durch den Verantwortlichen, dem die personenbezogenen Daten bereitgestellt wurden, zu \u00fcbermitteln, sofern:<\/p><p>die Verarbeitung auf einer Einwilligung gem\u00e4\u00df Artikel 6 Absatz 1 Buchstabe a oder Artikel 9 Absatz 2 Buchstabe a oder auf einem Vertrag gem\u00e4\u00df Artikel 6 Absatz 1 Buchstabe b beruht und die Verarbeitung mithilfe automatisierter Verfahren erfolgt.<\/p><p>Bei der Aus\u00fcbung ihres Rechts auf Daten\u00fcbertragbarkeit hat die betroffene Person das Recht, zu erwirken, dass die personenbezogenen Daten direkt von einem Verantwortlichen einem anderen Verantwortlichen \u00fcbermittelt werden, soweit dies technisch machbar ist.<\/p><p><strong>Recht auf Widerspruch, Art. 21 DSGVO:<\/strong><\/p><p>Die betroffene Person hat das Recht, aus Gr\u00fcnden, die sich aus ihrer besonderen Situation ergeben, jederzeit gegen die Verarbeitung sie betreffender personenbezogener Daten, die aufgrund Art. 6 Abs. 1 lit. e) und f) erfolgt, Widerspruch einzulegen; dies gilt auch f\u00fcr ein auf diese Bestimmungen gest\u00fctztes Profiling. Der Verantwortliche verarbeitet die personenbezogenen Daten nicht mehr, es sei denn, er kann zwingende schutzw\u00fcrdige Gr\u00fcnde f\u00fcr die Verarbeitung nachweisen, die die Interessen, Rechte und Freiheiten der betroffenen Person \u00fcberwiegen, oder die Verarbeitung dient der Geltendmachung, Aus\u00fcbung oder Verteidigung von Rechtsanspr\u00fcchen.<\/p><p><strong>Recht auf Widerruf der erteilten Einwilligung, Art. 7 Abs. 3 DSGVO:<\/strong><\/p><p>Die betroffene Person hat das Recht, ihre Einwilligung jederzeit zu widerrufen. Durch den Widerruf der Einwilligung wird die Rechtm\u00e4\u00dfigkeit der aufgrund der Einwilligung bis zum Widerruf erfolgten Verarbeitung nicht ber\u00fchrt. Die betroffene Person wird vor Abgabe der Einwilligung hiervon in Kenntnis gesetzt. Der Widerruf der Einwilligung muss so einfach wie die Erteilung der Einwilligung sein.<\/p><p><strong>Recht auf Beschwerde, Art. 77 Abs. 1 DSGVO<\/strong><\/p><p>Jede betroffene Person hat unbeschadet eines anderweitigen verwaltungsrechtlichen oder gerichtlichen Rechtsbehelfs das<\/p><p>Recht auf Beschwerde bei einer Aufsichtsbeh\u00f6rde, insbesondere in dem Mitgliedstaat ihres gew\u00f6hnlichen Aufenthaltsorts, ihres Arbeitsplatzes oder des Orts des mutma\u00dflichen Versto\u00dfes, wenn die betroffene Person der Ansicht ist, dass die Verarbeitung der sie betreffenden personenbezogenen Daten gegen diese Verordnung verst\u00f6\u00dft.<\/p>\t\t\t\t\t\t\t\t<\/div>\n\t\t\t\t<\/div>\n\t\t\t\t\t<\/div>\n\t\t<\/div>\n\t\t\t\t\t<\/div>\n\t\t<\/section>\n\t\t\t\t<\/div>\n\t\t","protected":false},"excerpt":{"rendered":"<p>Wir nehmen den Schutz Ihrer pers\u00f6nlichen Daten sehr ernst. Darum verarbeiten wir diese ausschlie\u00dflich im Sinne der Datenschutz-Grundverordnung (kurz DSGVO) und anderen nationalen Datenschutzgesetzen. Dies ist zur Bereitstellung einer funktionsf\u00e4higen Website erforderlich. Au\u00dferdem k\u00f6nnen wir Ihnen so unsere Inhalte und Leistungen erm\u00f6glichen. Eine Verarbeitung von personenbezogenen Daten findet grunds\u00e4tzlich nur statt, soweit Sie dazu Ihre [&hellip;]<\/p>\n","protected":false},"author":9,"featured_media":0,"parent":0,"menu_order":0,"comment_status":"closed","ping_status":"closed","template":"","meta":{"_acf_changed":false,"content-type":"","inline_featured_image":false,"footnotes":""},"class_list":["post-5774","page","type-page","status-publish","hentry"],"acf":[],"yoast_head":"<!-- This site is optimized with the Yoast SEO plugin v27.5 - https:\/\/yoast.com\/product\/yoast-seo-wordpress\/ -->\n<title>Datenschutz - Flying Health<\/title>\n<meta name=\"robots\" content=\"index, follow, max-snippet:-1, max-image-preview:large, max-video-preview:-1\" \/>\n<link rel=\"canonical\" href=\"https:\/\/www.flyinghealth.com\/de\/datenschutz\/\" \/>\n<meta property=\"og:locale\" content=\"de_DE\" \/>\n<meta property=\"og:type\" content=\"article\" \/>\n<meta property=\"og:title\" content=\"Datenschutz - Flying Health\" \/>\n<meta property=\"og:description\" content=\"Wir nehmen den Schutz Ihrer pers\u00f6nlichen Daten sehr ernst. Darum verarbeiten wir diese ausschlie\u00dflich im Sinne der Datenschutz-Grundverordnung (kurz DSGVO) und anderen nationalen Datenschutzgesetzen. Dies ist zur Bereitstellung einer funktionsf\u00e4higen Website erforderlich. Au\u00dferdem k\u00f6nnen wir Ihnen so unsere Inhalte und Leistungen erm\u00f6glichen. Eine Verarbeitung von personenbezogenen Daten findet grunds\u00e4tzlich nur statt, soweit Sie dazu Ihre [&hellip;]\" \/>\n<meta property=\"og:url\" content=\"https:\/\/www.flyinghealth.com\/de\/datenschutz\/\" \/>\n<meta property=\"og:site_name\" content=\"Flying Health\" \/>\n<meta property=\"article:modified_time\" content=\"2025-12-16T06:25:14+00:00\" \/>\n<meta name=\"twitter:card\" content=\"summary_large_image\" \/>\n<meta name=\"twitter:label1\" content=\"Gesch\u00e4tzte Lesezeit\" \/>\n\t<meta name=\"twitter:data1\" content=\"10\u00a0Minuten\" \/>\n<script type=\"application\/ld+json\" class=\"yoast-schema-graph\">{\"@context\":\"https:\\\/\\\/schema.org\",\"@graph\":[{\"@type\":\"WebPage\",\"@id\":\"https:\\\/\\\/www.flyinghealth.com\\\/de\\\/datenschutz\\\/\",\"url\":\"https:\\\/\\\/www.flyinghealth.com\\\/de\\\/datenschutz\\\/\",\"name\":\"Datenschutz - Flying Health\",\"isPartOf\":{\"@id\":\"https:\\\/\\\/www.flyinghealth.com\\\/de\\\/#website\"},\"datePublished\":\"2023-03-15T15:17:10+00:00\",\"dateModified\":\"2025-12-16T06:25:14+00:00\",\"breadcrumb\":{\"@id\":\"https:\\\/\\\/www.flyinghealth.com\\\/de\\\/datenschutz\\\/#breadcrumb\"},\"inLanguage\":\"de\",\"potentialAction\":[{\"@type\":\"ReadAction\",\"target\":[\"https:\\\/\\\/www.flyinghealth.com\\\/de\\\/datenschutz\\\/\"]}]},{\"@type\":\"BreadcrumbList\",\"@id\":\"https:\\\/\\\/www.flyinghealth.com\\\/de\\\/datenschutz\\\/#breadcrumb\",\"itemListElement\":[{\"@type\":\"ListItem\",\"position\":1,\"name\":\"Startseite\",\"item\":\"https:\\\/\\\/www.flyinghealth.com\\\/de\\\/\"},{\"@type\":\"ListItem\",\"position\":2,\"name\":\"Datenschutz\"}]},{\"@type\":\"WebSite\",\"@id\":\"https:\\\/\\\/www.flyinghealth.com\\\/de\\\/#website\",\"url\":\"https:\\\/\\\/www.flyinghealth.com\\\/de\\\/\",\"name\":\"Flying Health\",\"description\":\"\",\"potentialAction\":[{\"@type\":\"SearchAction\",\"target\":{\"@type\":\"EntryPoint\",\"urlTemplate\":\"https:\\\/\\\/www.flyinghealth.com\\\/de\\\/?s={search_term_string}\"},\"query-input\":{\"@type\":\"PropertyValueSpecification\",\"valueRequired\":true,\"valueName\":\"search_term_string\"}}],\"inLanguage\":\"de\"}]}<\/script>\n<!-- \/ Yoast SEO plugin. -->","yoast_head_json":{"title":"Datenschutz - Flying Health","robots":{"index":"index","follow":"follow","max-snippet":"max-snippet:-1","max-image-preview":"max-image-preview:large","max-video-preview":"max-video-preview:-1"},"canonical":"https:\/\/www.flyinghealth.com\/de\/datenschutz\/","og_locale":"de_DE","og_type":"article","og_title":"Datenschutz - Flying Health","og_description":"Wir nehmen den Schutz Ihrer pers\u00f6nlichen Daten sehr ernst. Darum verarbeiten wir diese ausschlie\u00dflich im Sinne der Datenschutz-Grundverordnung (kurz DSGVO) und anderen nationalen Datenschutzgesetzen. Dies ist zur Bereitstellung einer funktionsf\u00e4higen Website erforderlich. Au\u00dferdem k\u00f6nnen wir Ihnen so unsere Inhalte und Leistungen erm\u00f6glichen. Eine Verarbeitung von personenbezogenen Daten findet grunds\u00e4tzlich nur statt, soweit Sie dazu Ihre [&hellip;]","og_url":"https:\/\/www.flyinghealth.com\/de\/datenschutz\/","og_site_name":"Flying Health","article_modified_time":"2025-12-16T06:25:14+00:00","twitter_card":"summary_large_image","twitter_misc":{"Gesch\u00e4tzte Lesezeit":"10\u00a0Minuten"},"schema":{"@context":"https:\/\/schema.org","@graph":[{"@type":"WebPage","@id":"https:\/\/www.flyinghealth.com\/de\/datenschutz\/","url":"https:\/\/www.flyinghealth.com\/de\/datenschutz\/","name":"Datenschutz - Flying Health","isPartOf":{"@id":"https:\/\/www.flyinghealth.com\/de\/#website"},"datePublished":"2023-03-15T15:17:10+00:00","dateModified":"2025-12-16T06:25:14+00:00","breadcrumb":{"@id":"https:\/\/www.flyinghealth.com\/de\/datenschutz\/#breadcrumb"},"inLanguage":"de","potentialAction":[{"@type":"ReadAction","target":["https:\/\/www.flyinghealth.com\/de\/datenschutz\/"]}]},{"@type":"BreadcrumbList","@id":"https:\/\/www.flyinghealth.com\/de\/datenschutz\/#breadcrumb","itemListElement":[{"@type":"ListItem","position":1,"name":"Startseite","item":"https:\/\/www.flyinghealth.com\/de\/"},{"@type":"ListItem","position":2,"name":"Datenschutz"}]},{"@type":"WebSite","@id":"https:\/\/www.flyinghealth.com\/de\/#website","url":"https:\/\/www.flyinghealth.com\/de\/","name":"Flying Health","description":"","potentialAction":[{"@type":"SearchAction","target":{"@type":"EntryPoint","urlTemplate":"https:\/\/www.flyinghealth.com\/de\/?s={search_term_string}"},"query-input":{"@type":"PropertyValueSpecification","valueRequired":true,"valueName":"search_term_string"}}],"inLanguage":"de"}]}},"_links":{"self":[{"href":"https:\/\/www.flyinghealth.com\/de\/wp-json\/wp\/v2\/pages\/5774","targetHints":{"allow":["GET"]}}],"collection":[{"href":"https:\/\/www.flyinghealth.com\/de\/wp-json\/wp\/v2\/pages"}],"about":[{"href":"https:\/\/www.flyinghealth.com\/de\/wp-json\/wp\/v2\/types\/page"}],"author":[{"embeddable":true,"href":"https:\/\/www.flyinghealth.com\/de\/wp-json\/wp\/v2\/users\/9"}],"replies":[{"embeddable":true,"href":"https:\/\/www.flyinghealth.com\/de\/wp-json\/wp\/v2\/comments?post=5774"}],"version-history":[{"count":5,"href":"https:\/\/www.flyinghealth.com\/de\/wp-json\/wp\/v2\/pages\/5774\/revisions"}],"predecessor-version":[{"id":13755,"href":"https:\/\/www.flyinghealth.com\/de\/wp-json\/wp\/v2\/pages\/5774\/revisions\/13755"}],"wp:attachment":[{"href":"https:\/\/www.flyinghealth.com\/de\/wp-json\/wp\/v2\/media?parent=5774"}],"curies":[{"name":"wp","href":"https:\/\/api.w.org\/{rel}","templated":true}]}}