{"id":7229,"date":"2024-05-22T11:37:07","date_gmt":"2024-05-22T09:37:07","guid":{"rendered":"https:\/\/www.flyinghealth.com\/?page_id=7229"},"modified":"2023-06-27T12:02:02","modified_gmt":"2023-06-27T10:02:02","slug":"summer-event-2023-bildergalerie","status":"publish","type":"page","link":"https:\/\/www.flyinghealth.com\/de\/summer-event-2023-bildergalerie\/","title":{"rendered":"Bildergalerie: Flying Health Summer Event 2023"},"content":{"rendered":"\t\t<div data-elementor-type=\"wp-page\" data-elementor-id=\"7229\" class=\"elementor elementor-7229\" data-elementor-post-type=\"page\">\n\t\t\t\t\t\t<section class=\"elementor-section elementor-top-section elementor-element elementor-element-625d8e5 elementor-section-boxed elementor-section-height-default elementor-section-height-default\" data-id=\"625d8e5\" data-element_type=\"section\" data-e-type=\"section\">\n\t\t\t\t\t\t<div class=\"elementor-container elementor-column-gap-default\">\n\t\t\t\t\t<div class=\"elementor-column elementor-col-100 elementor-top-column elementor-element elementor-element-cfa880f\" data-id=\"cfa880f\" data-element_type=\"column\" data-e-type=\"column\">\n\t\t\t<div class=\"elementor-widget-wrap elementor-element-populated\">\n\t\t\t\t\t\t<div class=\"elementor-element elementor-element-e5f8468 elementor-widget elementor-widget-spacer\" data-id=\"e5f8468\" data-element_type=\"widget\" data-e-type=\"widget\" data-widget_type=\"spacer.default\">\n\t\t\t\t<div class=\"elementor-widget-container\">\n\t\t\t\t\t\t\t<div class=\"elementor-spacer\">\n\t\t\t<div class=\"elementor-spacer-inner\"><\/div>\n\t\t<\/div>\n\t\t\t\t\t\t<\/div>\n\t\t\t\t<\/div>\n\t\t\t\t<div class=\"elementor-element elementor-element-4700881 elementor-widget elementor-widget-text-editor\" data-id=\"4700881\" data-element_type=\"widget\" data-e-type=\"widget\" data-widget_type=\"text-editor.default\">\n\t\t\t\t<div class=\"elementor-widget-container\">\n\t\t\t\t\t\t\t\t\t<h3><strong>Liebe G\u00e4ste,<\/strong><\/h3>\n<h4>wir haben uns sehr gefreut, Sie zu unserem Flying Health Summer Event 2023 begr\u00fc\u00dfen zu d\u00fcrfen.<\/h4>\n<h4>Gerne m\u00f6chten wir unsere Eindr\u00fccke der Veranstaltung mit Ihnen teilen.&nbsp;<\/h4>\n<h4>Dabei sagen Bilder bekanntlich mehr als Worte: \u00dcber den untenstehenden <strong>Download-Button<\/strong> stehen Ihnen deshalb alle Fotos und Schnappsch\u00fcsse der vergangenen Veranstaltung zum Betrachten und kostenfreien Herunterladen zur Verf\u00fcgung.<\/h4>\n<h4>Gerne k\u00f6nnen Sie die Bilder f\u00fcr Ihre eigenen Social-Media-Kan\u00e4le nutzen.<\/h4>\n<h4>Wir w\u00fcnschen Ihnen viel Freude beim scrollen und entdecken!<\/h4>\n<h4>Ihr Flying Health Team<\/h4>\t\t\t\t\t\t\t\t<\/div>\n\t\t\t\t<\/div>\n\t\t\t\t<div class=\"elementor-element elementor-element-3b46d14 elementor-widget elementor-widget-spacer\" data-id=\"3b46d14\" data-element_type=\"widget\" data-e-type=\"widget\" data-widget_type=\"spacer.default\">\n\t\t\t\t<div class=\"elementor-widget-container\">\n\t\t\t\t\t\t\t<div class=\"elementor-spacer\">\n\t\t\t<div class=\"elementor-spacer-inner\"><\/div>\n\t\t<\/div>\n\t\t\t\t\t\t<\/div>\n\t\t\t\t<\/div>\n\t\t\t\t<div class=\"elementor-element elementor-element-f9e6024 elementor-widget elementor-widget-button\" data-id=\"f9e6024\" data-element_type=\"widget\" data-e-type=\"widget\" data-widget_type=\"button.default\">\n\t\t\t\t<div class=\"elementor-widget-container\">\n\t\t\t\t\t\t\t\t\t<div class=\"elementor-button-wrapper\">\n\t\t\t\t\t<a class=\"elementor-button elementor-button-link elementor-size-lg\" href=\"https:\/\/www.dropbox.com\/sh\/7ezrra8npg55n7m\/AAAY0f8AqT3zFWGqYGVuP6uea?dl=0\">\n\t\t\t\t\t\t<span class=\"elementor-button-content-wrapper\">\n\t\t\t\t\t\t<span class=\"elementor-button-icon\">\n\t\t\t\t<i aria-hidden=\"true\" class=\"far fa-file-image\"><\/i>\t\t\t<\/span>\n\t\t\t\t\t\t\t\t\t<span class=\"elementor-button-text\">Bildergalerie ansehen<\/span>\n\t\t\t\t\t<\/span>\n\t\t\t\t\t<\/a>\n\t\t\t\t<\/div>\n\t\t\t\t\t\t\t\t<\/div>\n\t\t\t\t<\/div>\n\t\t\t\t\t<\/div>\n\t\t<\/div>\n\t\t\t\t\t<\/div>\n\t\t<\/section>\n\t\t\t\t<\/div>\n\t\t","protected":false},"excerpt":{"rendered":"<p>Liebe G\u00e4ste, wir haben uns sehr gefreut, Sie zu unserem Flying Health Summer Event 2023 begr\u00fc\u00dfen zu d\u00fcrfen. Gerne m\u00f6chten wir unsere Eindr\u00fccke der Veranstaltung mit Ihnen teilen.&nbsp; Dabei sagen Bilder bekanntlich mehr als Worte: \u00dcber den untenstehenden Download-Button stehen Ihnen deshalb alle Fotos und Schnappsch\u00fcsse der vergangenen Veranstaltung zum Betrachten und kostenfreien Herunterladen zur [&hellip;]<\/p>\n","protected":false},"author":9,"featured_media":0,"parent":0,"menu_order":0,"comment_status":"closed","ping_status":"closed","template":"","meta":{"_acf_changed":false,"content-type":"","inline_featured_image":false,"footnotes":""},"class_list":["post-7229","page","type-page","status-publish","hentry"],"acf":[],"yoast_head":"<!-- This site is optimized with the Yoast SEO plugin v27.5 - https:\/\/yoast.com\/product\/yoast-seo-wordpress\/ -->\n<title>Bildergalerie: Flying Health Summer Event 2023 - Flying Health<\/title>\n<meta name=\"robots\" content=\"index, follow, max-snippet:-1, max-image-preview:large, max-video-preview:-1\" \/>\n<link rel=\"canonical\" href=\"https:\/\/www.flyinghealth.com\/de\/summer-event-2023-bildergalerie\/\" \/>\n<meta property=\"og:locale\" content=\"de_DE\" \/>\n<meta property=\"og:type\" content=\"article\" \/>\n<meta property=\"og:title\" content=\"Bildergalerie: Flying Health Summer Event 2023 - Flying Health\" \/>\n<meta property=\"og:description\" content=\"Liebe G\u00e4ste, wir haben uns sehr gefreut, Sie zu unserem Flying Health Summer Event 2023 begr\u00fc\u00dfen zu d\u00fcrfen. Gerne m\u00f6chten wir unsere Eindr\u00fccke der Veranstaltung mit Ihnen teilen.&nbsp; Dabei sagen Bilder bekanntlich mehr als Worte: \u00dcber den untenstehenden Download-Button stehen Ihnen deshalb alle Fotos und Schnappsch\u00fcsse der vergangenen Veranstaltung zum Betrachten und kostenfreien Herunterladen zur [&hellip;]\" \/>\n<meta property=\"og:url\" content=\"https:\/\/www.flyinghealth.com\/de\/summer-event-2023-bildergalerie\/\" \/>\n<meta property=\"og:site_name\" content=\"Flying Health\" \/>\n<meta name=\"twitter:card\" content=\"summary_large_image\" \/>\n<meta name=\"twitter:label1\" content=\"Gesch\u00e4tzte Lesezeit\" \/>\n\t<meta name=\"twitter:data1\" content=\"1\u00a0Minute\" \/>\n<script type=\"application\/ld+json\" class=\"yoast-schema-graph\">{\"@context\":\"https:\\\/\\\/schema.org\",\"@graph\":[{\"@type\":\"WebPage\",\"@id\":\"https:\\\/\\\/www.flyinghealth.com\\\/de\\\/summer-event-2023-bildergalerie\\\/\",\"url\":\"https:\\\/\\\/www.flyinghealth.com\\\/de\\\/summer-event-2023-bildergalerie\\\/\",\"name\":\"Bildergalerie: Flying Health Summer Event 2023 - Flying Health\",\"isPartOf\":{\"@id\":\"https:\\\/\\\/www.flyinghealth.com\\\/de\\\/#website\"},\"datePublished\":\"2024-05-22T09:37:07+00:00\",\"breadcrumb\":{\"@id\":\"https:\\\/\\\/www.flyinghealth.com\\\/de\\\/summer-event-2023-bildergalerie\\\/#breadcrumb\"},\"inLanguage\":\"de\",\"potentialAction\":[{\"@type\":\"ReadAction\",\"target\":[\"https:\\\/\\\/www.flyinghealth.com\\\/de\\\/summer-event-2023-bildergalerie\\\/\"]}]},{\"@type\":\"BreadcrumbList\",\"@id\":\"https:\\\/\\\/www.flyinghealth.com\\\/de\\\/summer-event-2023-bildergalerie\\\/#breadcrumb\",\"itemListElement\":[{\"@type\":\"ListItem\",\"position\":1,\"name\":\"Startseite\",\"item\":\"https:\\\/\\\/www.flyinghealth.com\\\/de\\\/\"},{\"@type\":\"ListItem\",\"position\":2,\"name\":\"Bildergalerie: Flying Health Summer Event 2023\"}]},{\"@type\":\"WebSite\",\"@id\":\"https:\\\/\\\/www.flyinghealth.com\\\/de\\\/#website\",\"url\":\"https:\\\/\\\/www.flyinghealth.com\\\/de\\\/\",\"name\":\"Flying Health\",\"description\":\"\",\"potentialAction\":[{\"@type\":\"SearchAction\",\"target\":{\"@type\":\"EntryPoint\",\"urlTemplate\":\"https:\\\/\\\/www.flyinghealth.com\\\/de\\\/?s={search_term_string}\"},\"query-input\":{\"@type\":\"PropertyValueSpecification\",\"valueRequired\":true,\"valueName\":\"search_term_string\"}}],\"inLanguage\":\"de\"}]}<\/script>\n<!-- \/ Yoast SEO plugin. -->","yoast_head_json":{"title":"Bildergalerie: Flying Health Summer Event 2023 - Flying Health","robots":{"index":"index","follow":"follow","max-snippet":"max-snippet:-1","max-image-preview":"max-image-preview:large","max-video-preview":"max-video-preview:-1"},"canonical":"https:\/\/www.flyinghealth.com\/de\/summer-event-2023-bildergalerie\/","og_locale":"de_DE","og_type":"article","og_title":"Bildergalerie: Flying Health Summer Event 2023 - Flying Health","og_description":"Liebe G\u00e4ste, wir haben uns sehr gefreut, Sie zu unserem Flying Health Summer Event 2023 begr\u00fc\u00dfen zu d\u00fcrfen. Gerne m\u00f6chten wir unsere Eindr\u00fccke der Veranstaltung mit Ihnen teilen.&nbsp; Dabei sagen Bilder bekanntlich mehr als Worte: \u00dcber den untenstehenden Download-Button stehen Ihnen deshalb alle Fotos und Schnappsch\u00fcsse der vergangenen Veranstaltung zum Betrachten und kostenfreien Herunterladen zur [&hellip;]","og_url":"https:\/\/www.flyinghealth.com\/de\/summer-event-2023-bildergalerie\/","og_site_name":"Flying Health","twitter_card":"summary_large_image","twitter_misc":{"Gesch\u00e4tzte Lesezeit":"1\u00a0Minute"},"schema":{"@context":"https:\/\/schema.org","@graph":[{"@type":"WebPage","@id":"https:\/\/www.flyinghealth.com\/de\/summer-event-2023-bildergalerie\/","url":"https:\/\/www.flyinghealth.com\/de\/summer-event-2023-bildergalerie\/","name":"Bildergalerie: Flying Health Summer Event 2023 - Flying Health","isPartOf":{"@id":"https:\/\/www.flyinghealth.com\/de\/#website"},"datePublished":"2024-05-22T09:37:07+00:00","breadcrumb":{"@id":"https:\/\/www.flyinghealth.com\/de\/summer-event-2023-bildergalerie\/#breadcrumb"},"inLanguage":"de","potentialAction":[{"@type":"ReadAction","target":["https:\/\/www.flyinghealth.com\/de\/summer-event-2023-bildergalerie\/"]}]},{"@type":"BreadcrumbList","@id":"https:\/\/www.flyinghealth.com\/de\/summer-event-2023-bildergalerie\/#breadcrumb","itemListElement":[{"@type":"ListItem","position":1,"name":"Startseite","item":"https:\/\/www.flyinghealth.com\/de\/"},{"@type":"ListItem","position":2,"name":"Bildergalerie: Flying Health Summer Event 2023"}]},{"@type":"WebSite","@id":"https:\/\/www.flyinghealth.com\/de\/#website","url":"https:\/\/www.flyinghealth.com\/de\/","name":"Flying Health","description":"","potentialAction":[{"@type":"SearchAction","target":{"@type":"EntryPoint","urlTemplate":"https:\/\/www.flyinghealth.com\/de\/?s={search_term_string}"},"query-input":{"@type":"PropertyValueSpecification","valueRequired":true,"valueName":"search_term_string"}}],"inLanguage":"de"}]}},"_links":{"self":[{"href":"https:\/\/www.flyinghealth.com\/de\/wp-json\/wp\/v2\/pages\/7229","targetHints":{"allow":["GET"]}}],"collection":[{"href":"https:\/\/www.flyinghealth.com\/de\/wp-json\/wp\/v2\/pages"}],"about":[{"href":"https:\/\/www.flyinghealth.com\/de\/wp-json\/wp\/v2\/types\/page"}],"author":[{"embeddable":true,"href":"https:\/\/www.flyinghealth.com\/de\/wp-json\/wp\/v2\/users\/9"}],"replies":[{"embeddable":true,"href":"https:\/\/www.flyinghealth.com\/de\/wp-json\/wp\/v2\/comments?post=7229"}],"version-history":[{"count":5,"href":"https:\/\/www.flyinghealth.com\/de\/wp-json\/wp\/v2\/pages\/7229\/revisions"}],"predecessor-version":[{"id":7297,"href":"https:\/\/www.flyinghealth.com\/de\/wp-json\/wp\/v2\/pages\/7229\/revisions\/7297"}],"wp:attachment":[{"href":"https:\/\/www.flyinghealth.com\/de\/wp-json\/wp\/v2\/media?parent=7229"}],"curies":[{"name":"wp","href":"https:\/\/api.w.org\/{rel}","templated":true}]}}